{"id":19,"date":"2022-09-21T10:41:42","date_gmt":"2022-09-21T13:41:42","guid":{"rendered":"http:\/\/dev.imaconexoescomproposito.com.br\/?page_id=19"},"modified":"2024-03-18T23:59:12","modified_gmt":"2024-03-19T02:59:12","slug":"quem-somos","status":"publish","type":"page","link":"https:\/\/imaconexoescomproposito.com.br\/en\/who-we-are\/","title":{"rendered":"Who are we"},"content":{"rendered":"<p>\u00cdm\u00e3 was created to connect brands to social causes. The starting point was the union of three sisters that are like magnets. We bring to the table a wide and original background that connects:<\/p>\n<p>Innovation to inspiration.<\/p>\n<p>Brands to mobilization and engagement.<\/p>\n<p>Business to legacy.<\/p>\n<p>Culture to transformation.<\/p>\n<p>&nbsp;<\/p>\n<p>We make connections and businesses that generate a positive impact to the world.<\/p>\n<p>&nbsp;<\/p>","protected":false},"excerpt":{"rendered":"<p>\u00cdm\u00e3 was created to connect brands to social causes. The starting point was the union of three sisters that are like magnets. We bring to the table a wide and original background that connects: Innovation to inspiration. Brands to mobilization and engagement. Business to legacy. Culture to transformation. &nbsp; We make connections and businesses that generate a positive impact to the world. &nbsp;<\/p>\n","protected":false},"author":1,"featured_media":0,"parent":0,"menu_order":0,"comment_status":"closed","ping_status":"closed","template":"","meta":[],"acf":[],"yoast_head":"<!-- This site is optimized with the Yoast SEO plugin v19.9 - https:\/\/yoast.com\/wordpress\/plugins\/seo\/ -->\n<title>Who are we - \u00cdm\u00e3 - connections with purpose<\/title>\n<meta name=\"robots\" content=\"index, follow, max-snippet:-1, max-image-preview:large, max-video-preview:-1\" \/>\n<link rel=\"canonical\" href=\"https:\/\/imaconexoescomproposito.com.br\/en\/who-we-are\/\" \/>\n<meta property=\"og:locale\" content=\"en_US\" \/>\n<meta property=\"og:type\" content=\"article\" \/>\n<meta property=\"og:title\" content=\"Who are we - \u00cdm\u00e3 - connections with purpose\" \/>\n<meta property=\"og:description\" content=\"\u00cdm\u00e3 was created to connect brands to social causes. The starting point was the union of three sisters that are like magnets. We bring to the table a wide and original background that connects: Innovation to inspiration. Brands to mobilization and engagement. Business to legacy. Culture to transformation. &nbsp; We make connections and businesses that generate a positive impact to the world. &nbsp;\" \/>\n<meta property=\"og:url\" content=\"https:\/\/imaconexoescomproposito.com.br\/en\/who-we-are\/\" \/>\n<meta property=\"og:site_name\" content=\"\u00cdm\u00e3 - connections with purpose\" \/>\n<meta property=\"article:modified_time\" content=\"2024-03-19T02:59:12+00:00\" \/>\n<meta name=\"twitter:card\" content=\"summary_large_image\" \/>\n<meta name=\"twitter:label1\" content=\"Est. reading time\" \/>\n\t<meta name=\"twitter:data1\" content=\"1 minute\" \/>\n<script type=\"application\/ld+json\" class=\"yoast-schema-graph\">{\"@context\":\"https:\/\/schema.org\",\"@graph\":[{\"@type\":\"WebPage\",\"@id\":\"https:\/\/imaconexoescomproposito.com.br\/en\/who-we-are\/\",\"url\":\"https:\/\/imaconexoescomproposito.com.br\/en\/who-we-are\/\",\"name\":\"Who are we - \u00cdm\u00e3 - connections with purpose\",\"isPartOf\":{\"@id\":\"https:\/\/imaconexoescomproposito.com.br\/en\/#website\"},\"datePublished\":\"2022-09-21T13:41:42+00:00\",\"dateModified\":\"2024-03-19T02:59:12+00:00\",\"breadcrumb\":{\"@id\":\"https:\/\/imaconexoescomproposito.com.br\/en\/who-we-are\/#breadcrumb\"},\"inLanguage\":\"en-US\",\"potentialAction\":[{\"@type\":\"ReadAction\",\"target\":[[\"https:\/\/imaconexoescomproposito.com.br\/en\/who-we-are\/\"]]}]},{\"@type\":\"BreadcrumbList\",\"@id\":\"https:\/\/imaconexoescomproposito.com.br\/en\/who-we-are\/#breadcrumb\",\"itemListElement\":[{\"@type\":\"ListItem\",\"position\":1,\"name\":\"Home\",\"item\":\"https:\/\/imaconexoescomproposito.com.br\/en\/\"},{\"@type\":\"ListItem\",\"position\":2,\"name\":\"Who are we\"}]},{\"@type\":\"WebSite\",\"@id\":\"https:\/\/imaconexoescomproposito.com.br\/en\/#website\",\"url\":\"https:\/\/imaconexoescomproposito.com.br\/en\/\",\"name\":\"\u00cdm\u00e3 - connections with purpose\",\"description\":\"\u00cdm\u00e3 is a company with a social purpose that seeks a positive impact in business. We match social causes and brands focusing on creating legacies.\",\"potentialAction\":[{\"@type\":\"SearchAction\",\"target\":{\"@type\":\"EntryPoint\",\"urlTemplate\":\"https:\/\/imaconexoescomproposito.com.br\/en\/?s={search_term_string}\"},\"query-input\":\"required name=search_term_string\"}],\"inLanguage\":\"en-US\"}]}<\/script>\n<!-- \/ Yoast SEO plugin. -->","yoast_head_json":{"title":"Who are we - \u00cdm\u00e3 - connections with purpose","robots":{"index":"index","follow":"follow","max-snippet":"max-snippet:-1","max-image-preview":"max-image-preview:large","max-video-preview":"max-video-preview:-1"},"canonical":"https:\/\/imaconexoescomproposito.com.br\/en\/who-we-are\/","og_locale":"en_US","og_type":"article","og_title":"Who are we - \u00cdm\u00e3 - connections with purpose","og_description":"\u00cdm\u00e3 was created to connect brands to social causes. The starting point was the union of three sisters that are like magnets. We bring to the table a wide and original background that connects: Innovation to inspiration. Brands to mobilization and engagement. Business to legacy. Culture to transformation. &nbsp; We make connections and businesses that generate a positive impact to the world. &nbsp;","og_url":"https:\/\/imaconexoescomproposito.com.br\/en\/who-we-are\/","og_site_name":"\u00cdm\u00e3 - connections with purpose","article_modified_time":"2024-03-19T02:59:12+00:00","twitter_card":"summary_large_image","twitter_misc":{"Est. reading time":"1 minute"},"schema":{"@context":"https:\/\/schema.org","@graph":[{"@type":"WebPage","@id":"https:\/\/imaconexoescomproposito.com.br\/en\/who-we-are\/","url":"https:\/\/imaconexoescomproposito.com.br\/en\/who-we-are\/","name":"Who are we - \u00cdm\u00e3 - connections with purpose","isPartOf":{"@id":"https:\/\/imaconexoescomproposito.com.br\/en\/#website"},"datePublished":"2022-09-21T13:41:42+00:00","dateModified":"2024-03-19T02:59:12+00:00","breadcrumb":{"@id":"https:\/\/imaconexoescomproposito.com.br\/en\/who-we-are\/#breadcrumb"},"inLanguage":"en-US","potentialAction":[{"@type":"ReadAction","target":[["https:\/\/imaconexoescomproposito.com.br\/en\/who-we-are\/"]]}]},{"@type":"BreadcrumbList","@id":"https:\/\/imaconexoescomproposito.com.br\/en\/who-we-are\/#breadcrumb","itemListElement":[{"@type":"ListItem","position":1,"name":"Home","item":"https:\/\/imaconexoescomproposito.com.br\/en\/"},{"@type":"ListItem","position":2,"name":"Who are we"}]},{"@type":"WebSite","@id":"https:\/\/imaconexoescomproposito.com.br\/en\/#website","url":"https:\/\/imaconexoescomproposito.com.br\/en\/","name":"\u00cdm\u00e3 - connections with purpose","description":"\u00cdm\u00e3 is a company with a social purpose that seeks a positive impact in business. We match social causes and brands focusing on creating legacies.","potentialAction":[{"@type":"SearchAction","target":{"@type":"EntryPoint","urlTemplate":"https:\/\/imaconexoescomproposito.com.br\/en\/?s={search_term_string}"},"query-input":"required name=search_term_string"}],"inLanguage":"en-US"}]}},"_links":{"self":[{"href":"https:\/\/imaconexoescomproposito.com.br\/en\/wp-json\/wp\/v2\/pages\/19"}],"collection":[{"href":"https:\/\/imaconexoescomproposito.com.br\/en\/wp-json\/wp\/v2\/pages"}],"about":[{"href":"https:\/\/imaconexoescomproposito.com.br\/en\/wp-json\/wp\/v2\/types\/page"}],"author":[{"embeddable":true,"href":"https:\/\/imaconexoescomproposito.com.br\/en\/wp-json\/wp\/v2\/users\/1"}],"replies":[{"embeddable":true,"href":"https:\/\/imaconexoescomproposito.com.br\/en\/wp-json\/wp\/v2\/comments?post=19"}],"version-history":[{"count":3,"href":"https:\/\/imaconexoescomproposito.com.br\/en\/wp-json\/wp\/v2\/pages\/19\/revisions"}],"predecessor-version":[{"id":496,"href":"https:\/\/imaconexoescomproposito.com.br\/en\/wp-json\/wp\/v2\/pages\/19\/revisions\/496"}],"wp:attachment":[{"href":"https:\/\/imaconexoescomproposito.com.br\/en\/wp-json\/wp\/v2\/media?parent=19"}],"curies":[{"name":"wp","href":"https:\/\/api.w.org\/{rel}","templated":true}]}}