{"id":26,"date":"2022-09-21T11:32:20","date_gmt":"2022-09-21T14:32:20","guid":{"rendered":"http:\/\/dev.imaconexoescomproposito.com.br\/?page_id=26"},"modified":"2024-03-18T20:30:44","modified_gmt":"2024-03-18T23:30:44","slug":"por-que-existimos","status":"publish","type":"page","link":"https:\/\/imaconexoescomproposito.com.br\/en\/why-do-we-exist\/","title":{"rendered":"Why do we exist"},"content":{"rendered":"<p><\/p>\n<h2>Our purpose is to accelerate <span class=\"Y2IQFc\" lang=\"en\">the social changes by supporting causes which connect to the <\/span><span class=\"Y2IQFc\" lang=\"en\">brands&#8217; <\/span><span class=\"Y2IQFc\" lang=\"en\">purposes. <\/span><\/h2>\n<h2><span class=\"Y2IQFc\" lang=\"en\">We match social causes and brands.<\/span><\/h2>\n<p>&nbsp;<\/p>\n<p>&nbsp;<\/p>","protected":false},"excerpt":{"rendered":"<p>Our purpose is to accelerate the social changes by supporting causes which connect to the brands&#8217; purposes. We match social causes and brands. &nbsp; &nbsp;<\/p>\n","protected":false},"author":1,"featured_media":0,"parent":0,"menu_order":0,"comment_status":"closed","ping_status":"closed","template":"","meta":[],"acf":[],"yoast_head":"<!-- This site is optimized with the Yoast SEO plugin v19.9 - https:\/\/yoast.com\/wordpress\/plugins\/seo\/ -->\n<title>Why do we exist - \u00cdm\u00e3 - connections with purpose<\/title>\n<meta name=\"robots\" content=\"index, follow, max-snippet:-1, max-image-preview:large, max-video-preview:-1\" \/>\n<link rel=\"canonical\" href=\"https:\/\/imaconexoescomproposito.com.br\/en\/why-do-we-exist\/\" \/>\n<meta property=\"og:locale\" content=\"en_US\" \/>\n<meta property=\"og:type\" content=\"article\" \/>\n<meta property=\"og:title\" content=\"Why do we exist - \u00cdm\u00e3 - connections with purpose\" \/>\n<meta property=\"og:description\" content=\"Our purpose is to accelerate the social changes by supporting causes which connect to the brands&#8217; purposes. We match social causes and brands. &nbsp; &nbsp;\" \/>\n<meta property=\"og:url\" content=\"https:\/\/imaconexoescomproposito.com.br\/en\/why-do-we-exist\/\" \/>\n<meta property=\"og:site_name\" content=\"\u00cdm\u00e3 - connections with purpose\" \/>\n<meta property=\"article:modified_time\" content=\"2024-03-18T23:30:44+00:00\" \/>\n<meta name=\"twitter:card\" content=\"summary_large_image\" \/>\n<meta name=\"twitter:label1\" content=\"Est. reading time\" \/>\n\t<meta name=\"twitter:data1\" content=\"1 minute\" \/>\n<script type=\"application\/ld+json\" class=\"yoast-schema-graph\">{\"@context\":\"https:\/\/schema.org\",\"@graph\":[{\"@type\":\"WebPage\",\"@id\":\"https:\/\/imaconexoescomproposito.com.br\/en\/why-do-we-exist\/\",\"url\":\"https:\/\/imaconexoescomproposito.com.br\/en\/why-do-we-exist\/\",\"name\":\"Why do we exist - \u00cdm\u00e3 - connections with purpose\",\"isPartOf\":{\"@id\":\"https:\/\/imaconexoescomproposito.com.br\/en\/#website\"},\"datePublished\":\"2022-09-21T14:32:20+00:00\",\"dateModified\":\"2024-03-18T23:30:44+00:00\",\"breadcrumb\":{\"@id\":\"https:\/\/imaconexoescomproposito.com.br\/en\/why-do-we-exist\/#breadcrumb\"},\"inLanguage\":\"en-US\",\"potentialAction\":[{\"@type\":\"ReadAction\",\"target\":[[\"https:\/\/imaconexoescomproposito.com.br\/en\/why-do-we-exist\/\"]]}]},{\"@type\":\"BreadcrumbList\",\"@id\":\"https:\/\/imaconexoescomproposito.com.br\/en\/why-do-we-exist\/#breadcrumb\",\"itemListElement\":[{\"@type\":\"ListItem\",\"position\":1,\"name\":\"Home\",\"item\":\"https:\/\/imaconexoescomproposito.com.br\/en\/\"},{\"@type\":\"ListItem\",\"position\":2,\"name\":\"Why do we exist\"}]},{\"@type\":\"WebSite\",\"@id\":\"https:\/\/imaconexoescomproposito.com.br\/en\/#website\",\"url\":\"https:\/\/imaconexoescomproposito.com.br\/en\/\",\"name\":\"\u00cdm\u00e3 - connections with purpose\",\"description\":\"\u00cdm\u00e3 is a company with a social purpose that seeks a positive impact in business. We match social causes and brands focusing on creating legacies.\",\"potentialAction\":[{\"@type\":\"SearchAction\",\"target\":{\"@type\":\"EntryPoint\",\"urlTemplate\":\"https:\/\/imaconexoescomproposito.com.br\/en\/?s={search_term_string}\"},\"query-input\":\"required name=search_term_string\"}],\"inLanguage\":\"en-US\"}]}<\/script>\n<!-- \/ Yoast SEO plugin. -->","yoast_head_json":{"title":"Why do we exist - \u00cdm\u00e3 - connections with purpose","robots":{"index":"index","follow":"follow","max-snippet":"max-snippet:-1","max-image-preview":"max-image-preview:large","max-video-preview":"max-video-preview:-1"},"canonical":"https:\/\/imaconexoescomproposito.com.br\/en\/why-do-we-exist\/","og_locale":"en_US","og_type":"article","og_title":"Why do we exist - \u00cdm\u00e3 - connections with purpose","og_description":"Our purpose is to accelerate the social changes by supporting causes which connect to the brands&#8217; purposes. We match social causes and brands. &nbsp; &nbsp;","og_url":"https:\/\/imaconexoescomproposito.com.br\/en\/why-do-we-exist\/","og_site_name":"\u00cdm\u00e3 - connections with purpose","article_modified_time":"2024-03-18T23:30:44+00:00","twitter_card":"summary_large_image","twitter_misc":{"Est. reading time":"1 minute"},"schema":{"@context":"https:\/\/schema.org","@graph":[{"@type":"WebPage","@id":"https:\/\/imaconexoescomproposito.com.br\/en\/why-do-we-exist\/","url":"https:\/\/imaconexoescomproposito.com.br\/en\/why-do-we-exist\/","name":"Why do we exist - \u00cdm\u00e3 - connections with purpose","isPartOf":{"@id":"https:\/\/imaconexoescomproposito.com.br\/en\/#website"},"datePublished":"2022-09-21T14:32:20+00:00","dateModified":"2024-03-18T23:30:44+00:00","breadcrumb":{"@id":"https:\/\/imaconexoescomproposito.com.br\/en\/why-do-we-exist\/#breadcrumb"},"inLanguage":"en-US","potentialAction":[{"@type":"ReadAction","target":[["https:\/\/imaconexoescomproposito.com.br\/en\/why-do-we-exist\/"]]}]},{"@type":"BreadcrumbList","@id":"https:\/\/imaconexoescomproposito.com.br\/en\/why-do-we-exist\/#breadcrumb","itemListElement":[{"@type":"ListItem","position":1,"name":"Home","item":"https:\/\/imaconexoescomproposito.com.br\/en\/"},{"@type":"ListItem","position":2,"name":"Why do we exist"}]},{"@type":"WebSite","@id":"https:\/\/imaconexoescomproposito.com.br\/en\/#website","url":"https:\/\/imaconexoescomproposito.com.br\/en\/","name":"\u00cdm\u00e3 - connections with purpose","description":"\u00cdm\u00e3 is a company with a social purpose that seeks a positive impact in business. We match social causes and brands focusing on creating legacies.","potentialAction":[{"@type":"SearchAction","target":{"@type":"EntryPoint","urlTemplate":"https:\/\/imaconexoescomproposito.com.br\/en\/?s={search_term_string}"},"query-input":"required name=search_term_string"}],"inLanguage":"en-US"}]}},"_links":{"self":[{"href":"https:\/\/imaconexoescomproposito.com.br\/en\/wp-json\/wp\/v2\/pages\/26"}],"collection":[{"href":"https:\/\/imaconexoescomproposito.com.br\/en\/wp-json\/wp\/v2\/pages"}],"about":[{"href":"https:\/\/imaconexoescomproposito.com.br\/en\/wp-json\/wp\/v2\/types\/page"}],"author":[{"embeddable":true,"href":"https:\/\/imaconexoescomproposito.com.br\/en\/wp-json\/wp\/v2\/users\/1"}],"replies":[{"embeddable":true,"href":"https:\/\/imaconexoescomproposito.com.br\/en\/wp-json\/wp\/v2\/comments?post=26"}],"version-history":[{"count":2,"href":"https:\/\/imaconexoescomproposito.com.br\/en\/wp-json\/wp\/v2\/pages\/26\/revisions"}],"predecessor-version":[{"id":489,"href":"https:\/\/imaconexoescomproposito.com.br\/en\/wp-json\/wp\/v2\/pages\/26\/revisions\/489"}],"wp:attachment":[{"href":"https:\/\/imaconexoescomproposito.com.br\/en\/wp-json\/wp\/v2\/media?parent=26"}],"curies":[{"name":"wp","href":"https:\/\/api.w.org\/{rel}","templated":true}]}}