{"id":33,"date":"2022-09-21T11:37:12","date_gmt":"2022-09-21T14:37:12","guid":{"rendered":"http:\/\/dev.imaconexoescomproposito.com.br\/?page_id=33"},"modified":"2022-09-21T11:37:12","modified_gmt":"2022-09-21T14:37:12","slug":"politica-de-privacidade","status":"publish","type":"page","link":"https:\/\/imaconexoescomproposito.com.br\/en\/privacy-policy\/","title":{"rendered":"Privacy Policy"},"content":{"rendered":"","protected":false},"excerpt":{"rendered":"","protected":false},"author":1,"featured_media":0,"parent":0,"menu_order":0,"comment_status":"closed","ping_status":"closed","template":"","meta":[],"acf":[],"yoast_head":"<!-- This site is optimized with the Yoast SEO plugin v19.9 - https:\/\/yoast.com\/wordpress\/plugins\/seo\/ -->\n<title>Privacy Policy - \u00cdm\u00e3 - connections with purpose<\/title>\n<meta name=\"robots\" content=\"index, follow, max-snippet:-1, max-image-preview:large, max-video-preview:-1\" \/>\n<link rel=\"canonical\" href=\"https:\/\/imaconexoescomproposito.com.br\/en\/privacy-policy\/\" \/>\n<meta property=\"og:locale\" content=\"en_US\" \/>\n<meta property=\"og:type\" content=\"article\" \/>\n<meta property=\"og:title\" content=\"Privacy Policy - \u00cdm\u00e3 - connections with purpose\" \/>\n<meta property=\"og:url\" content=\"https:\/\/imaconexoescomproposito.com.br\/en\/privacy-policy\/\" \/>\n<meta property=\"og:site_name\" content=\"\u00cdm\u00e3 - connections with purpose\" \/>\n<meta name=\"twitter:card\" content=\"summary_large_image\" \/>\n<script type=\"application\/ld+json\" class=\"yoast-schema-graph\">{\"@context\":\"https:\/\/schema.org\",\"@graph\":[{\"@type\":\"WebPage\",\"@id\":\"https:\/\/imaconexoescomproposito.com.br\/en\/privacy-policy\/\",\"url\":\"https:\/\/imaconexoescomproposito.com.br\/en\/privacy-policy\/\",\"name\":\"Privacy Policy - \u00cdm\u00e3 - connections with purpose\",\"isPartOf\":{\"@id\":\"https:\/\/imaconexoescomproposito.com.br\/en\/#website\"},\"datePublished\":\"2022-09-21T14:37:12+00:00\",\"dateModified\":\"2022-09-21T14:37:12+00:00\",\"breadcrumb\":{\"@id\":\"https:\/\/imaconexoescomproposito.com.br\/en\/privacy-policy\/#breadcrumb\"},\"inLanguage\":\"en-US\",\"potentialAction\":[{\"@type\":\"ReadAction\",\"target\":[[\"https:\/\/imaconexoescomproposito.com.br\/en\/privacy-policy\/\"]]}]},{\"@type\":\"BreadcrumbList\",\"@id\":\"https:\/\/imaconexoescomproposito.com.br\/en\/privacy-policy\/#breadcrumb\",\"itemListElement\":[{\"@type\":\"ListItem\",\"position\":1,\"name\":\"Home\",\"item\":\"https:\/\/imaconexoescomproposito.com.br\/en\/\"},{\"@type\":\"ListItem\",\"position\":2,\"name\":\"Privacy Policy\"}]},{\"@type\":\"WebSite\",\"@id\":\"https:\/\/imaconexoescomproposito.com.br\/en\/#website\",\"url\":\"https:\/\/imaconexoescomproposito.com.br\/en\/\",\"name\":\"\u00cdm\u00e3 - connections with purpose\",\"description\":\"\u00cdm\u00e3 is a company with a social purpose that seeks a positive impact in business. We match social causes and brands focusing on creating legacies.\",\"potentialAction\":[{\"@type\":\"SearchAction\",\"target\":{\"@type\":\"EntryPoint\",\"urlTemplate\":\"https:\/\/imaconexoescomproposito.com.br\/en\/?s={search_term_string}\"},\"query-input\":\"required name=search_term_string\"}],\"inLanguage\":\"en-US\"}]}<\/script>\n<!-- \/ Yoast SEO plugin. -->","yoast_head_json":{"title":"Privacy Policy - \u00cdm\u00e3 - connections with purpose","robots":{"index":"index","follow":"follow","max-snippet":"max-snippet:-1","max-image-preview":"max-image-preview:large","max-video-preview":"max-video-preview:-1"},"canonical":"https:\/\/imaconexoescomproposito.com.br\/en\/privacy-policy\/","og_locale":"en_US","og_type":"article","og_title":"Privacy Policy - \u00cdm\u00e3 - connections with purpose","og_url":"https:\/\/imaconexoescomproposito.com.br\/en\/privacy-policy\/","og_site_name":"\u00cdm\u00e3 - connections with purpose","twitter_card":"summary_large_image","schema":{"@context":"https:\/\/schema.org","@graph":[{"@type":"WebPage","@id":"https:\/\/imaconexoescomproposito.com.br\/en\/privacy-policy\/","url":"https:\/\/imaconexoescomproposito.com.br\/en\/privacy-policy\/","name":"Privacy Policy - \u00cdm\u00e3 - connections with purpose","isPartOf":{"@id":"https:\/\/imaconexoescomproposito.com.br\/en\/#website"},"datePublished":"2022-09-21T14:37:12+00:00","dateModified":"2022-09-21T14:37:12+00:00","breadcrumb":{"@id":"https:\/\/imaconexoescomproposito.com.br\/en\/privacy-policy\/#breadcrumb"},"inLanguage":"en-US","potentialAction":[{"@type":"ReadAction","target":[["https:\/\/imaconexoescomproposito.com.br\/en\/privacy-policy\/"]]}]},{"@type":"BreadcrumbList","@id":"https:\/\/imaconexoescomproposito.com.br\/en\/privacy-policy\/#breadcrumb","itemListElement":[{"@type":"ListItem","position":1,"name":"Home","item":"https:\/\/imaconexoescomproposito.com.br\/en\/"},{"@type":"ListItem","position":2,"name":"Privacy Policy"}]},{"@type":"WebSite","@id":"https:\/\/imaconexoescomproposito.com.br\/en\/#website","url":"https:\/\/imaconexoescomproposito.com.br\/en\/","name":"\u00cdm\u00e3 - connections with purpose","description":"\u00cdm\u00e3 is a company with a social purpose that seeks a positive impact in business. We match social causes and brands focusing on creating legacies.","potentialAction":[{"@type":"SearchAction","target":{"@type":"EntryPoint","urlTemplate":"https:\/\/imaconexoescomproposito.com.br\/en\/?s={search_term_string}"},"query-input":"required name=search_term_string"}],"inLanguage":"en-US"}]}},"_links":{"self":[{"href":"https:\/\/imaconexoescomproposito.com.br\/en\/wp-json\/wp\/v2\/pages\/33"}],"collection":[{"href":"https:\/\/imaconexoescomproposito.com.br\/en\/wp-json\/wp\/v2\/pages"}],"about":[{"href":"https:\/\/imaconexoescomproposito.com.br\/en\/wp-json\/wp\/v2\/types\/page"}],"author":[{"embeddable":true,"href":"https:\/\/imaconexoescomproposito.com.br\/en\/wp-json\/wp\/v2\/users\/1"}],"replies":[{"embeddable":true,"href":"https:\/\/imaconexoescomproposito.com.br\/en\/wp-json\/wp\/v2\/comments?post=33"}],"version-history":[{"count":1,"href":"https:\/\/imaconexoescomproposito.com.br\/en\/wp-json\/wp\/v2\/pages\/33\/revisions"}],"predecessor-version":[{"id":34,"href":"https:\/\/imaconexoescomproposito.com.br\/en\/wp-json\/wp\/v2\/pages\/33\/revisions\/34"}],"wp:attachment":[{"href":"https:\/\/imaconexoescomproposito.com.br\/en\/wp-json\/wp\/v2\/media?parent=33"}],"curies":[{"name":"wp","href":"https:\/\/api.w.org\/{rel}","templated":true}]}}