{"id":506,"date":"2024-09-12T14:56:34","date_gmt":"2024-09-12T17:56:34","guid":{"rendered":"https:\/\/imaconexoescomproposito.com.br\/?page_id=506"},"modified":"2024-09-12T16:49:11","modified_gmt":"2024-09-12T19:49:11","slug":"campanhas","status":"publish","type":"page","link":"https:\/\/imaconexoescomproposito.com.br\/en\/campaigns\/","title":{"rendered":"\u00cdm\u00e3 Donations"},"content":{"rendered":"<blockquote>\n<h2 class=\"sc-pyfCe jPbjqB\">Instituto Casulo Pra Rua<\/h2>\n<p><img decoding=\"async\" loading=\"lazy\" class=\"wp-image-525 alignleft\" src=\"https:\/\/imaconexoescomproposito.com.br\/wp-content\/uploads\/2024\/09\/casulo-foto01.png\" alt=\"\" width=\"297\" height=\"299\" srcset=\"https:\/\/imaconexoescomproposito.com.br\/wp-content\/uploads\/2024\/09\/casulo-foto01.png 886w, https:\/\/imaconexoescomproposito.com.br\/wp-content\/uploads\/2024\/09\/casulo-foto01-298x300.png 298w, https:\/\/imaconexoescomproposito.com.br\/wp-content\/uploads\/2024\/09\/casulo-foto01-150x150.png 150w, https:\/\/imaconexoescomproposito.com.br\/wp-content\/uploads\/2024\/09\/casulo-foto01-768x773.png 768w, https:\/\/imaconexoescomproposito.com.br\/wp-content\/uploads\/2024\/09\/casulo-foto01-364x366.png 364w\" sizes=\"(max-width: 297px) 100vw, 297px\" \/>Ol\u00e1 \u00edm\u00e3s! Essa \u00e9 a nossa campanha para o Instituto Casulo Pra Rua. Doando voc\u00ea ampara uma pessoa que dorme na rua e tamb\u00e9m ajuda mulheres em situa\u00e7\u00e3o de vulnerabilidade social a aprenderem a costurar e trabalharem com remunera\u00e7\u00e3o justa! O Casulo \u00e9 um saco de dormir macio, impermea\u0301vel, de baixa inflamabilidade, leve e dobra\u0301vel, que pode ser carregado.<\/p>\n<p style=\"text-align: center;\"><a href=\"https:\/\/campaign.doare.org\/campanha\/385dce9e-7758-4bc5-aecc-28db7d583122\/institutocasuloprarua\/imaconexoes\"><strong>DOAR AGORA<\/strong><\/a><\/p>\n<blockquote>\n<p style=\"text-align: center;\">\n<\/blockquote>\n<hr \/>\n<h2>Cruzando Hist\u00f3rias<\/h2>\n<p><img decoding=\"async\" loading=\"lazy\" class=\"wp-image-537 alignleft\" src=\"https:\/\/imaconexoescomproposito.com.br\/wp-content\/uploads\/2024\/09\/cruzandohistorias-foto03.jpg\" alt=\"\" width=\"288\" height=\"290\" srcset=\"https:\/\/imaconexoescomproposito.com.br\/wp-content\/uploads\/2024\/09\/cruzandohistorias-foto03.jpg 828w, https:\/\/imaconexoescomproposito.com.br\/wp-content\/uploads\/2024\/09\/cruzandohistorias-foto03-298x300.jpg 298w, https:\/\/imaconexoescomproposito.com.br\/wp-content\/uploads\/2024\/09\/cruzandohistorias-foto03-150x150.jpg 150w, https:\/\/imaconexoescomproposito.com.br\/wp-content\/uploads\/2024\/09\/cruzandohistorias-foto03-768x774.jpg 768w, https:\/\/imaconexoescomproposito.com.br\/wp-content\/uploads\/2024\/09\/cruzandohistorias-foto03-364x366.jpg 364w\" sizes=\"(max-width: 288px) 100vw, 288px\" \/><br \/>\nH\u00e1 7 anos ajudando mulheres a sa\u00edrem do desemprego, a Cruzando Hist\u00f3rias \u00e9 uma Organiza\u00e7\u00e3o sem fins lucrativos, que promove o acolhimento, a valoriza\u00e7\u00e3o profissional e empregabilidade entre mulheres. Est\u00e1 estabelecida em S\u00e3o Paulo e tem presen\u00e7a\u00a0em todo o territ\u00f3rio nacional.<\/p>\n<p>A iniciativa nasceu a partir do choro desesperado de uma m\u00e3e, a Sueli. Seu choro tocou Bia Diniz, que levantou do sof\u00e1 para encontr\u00e1-la. Bia ent\u00e3o come\u00e7ou a escutar pessoas pelas ruas, e criou uma rede de fortalecimento e pertencimento, focada em mulheres\u00a0em\u00a0desemprego.<\/p>\n<p style=\"text-align: center;\"><a href=\"https:\/\/campaign.doare.org\/campanha\/3359e5ac-d907-4a58-a282-f94854e1d7d9\/cruzandohistorias\/imaconexoescomproposito\"><strong>DOAR AGORA<\/strong><\/a><\/p>\n<hr \/>\n<h2 class=\"sc-pyfCe jPbjqB\">FAM &#8211; Funda\u00e7\u00e3o Almerinda Malaquias<\/h2>\n<p><img decoding=\"async\" loading=\"lazy\" class=\"alignleft wp-image-508 size-medium\" src=\"https:\/\/imaconexoescomproposito.com.br\/wp-content\/uploads\/2024\/09\/fam-foto01-298x300.jpg\" alt=\"\" width=\"298\" height=\"300\" srcset=\"https:\/\/imaconexoescomproposito.com.br\/wp-content\/uploads\/2024\/09\/fam-foto01-298x300.jpg 298w, https:\/\/imaconexoescomproposito.com.br\/wp-content\/uploads\/2024\/09\/fam-foto01-150x150.jpg 150w, https:\/\/imaconexoescomproposito.com.br\/wp-content\/uploads\/2024\/09\/fam-foto01-364x366.jpg 364w, https:\/\/imaconexoescomproposito.com.br\/wp-content\/uploads\/2024\/09\/fam-foto01.jpg 768w\" sizes=\"(max-width: 298px) 100vw, 298px\" \/><\/p>\n<p>A Funda\u00e7\u00e3o Almerinda Malaquias \u00e9 uma Organiza\u00e7\u00e3o da Sociedade Civil (OSC), institui\u00e7\u00e3o privada e sem fins lucrativos, que h\u00e1 25 anos, atua no munic\u00edpio de Novo Air\u00e3o \u2013 Amazonas, com \u00eanfase na educa\u00e7\u00e3o e na transforma\u00e7\u00e3o social, comprometida em promover gera\u00e7\u00e3o de renda, educa\u00e7\u00e3o ambiental, a sensibiliza\u00e7\u00e3o quanto ao uso sustent\u00e1vel dos recursos naturais e orienta\u00e7\u00e3o e forma\u00e7\u00e3o profissional.<\/p>\n<p style=\"text-align: center;\"><a href=\"https:\/\/campaign.doare.org\/campanha\/49122655-e852-4d3e-aadd-7eedd3856fb6\/famfundacaoalmerindamalaquias\/imaconexoescomproposito\"><strong>DOAR AGORA<\/strong><\/a><\/p>\n<hr \/>\n<div class=\"sc-eDvSVe lpbqAC\">\n<div class=\"sc-dkrFOg kRlYeD\">\n<h2 class=\"sc-pyfCe jPbjqB\">Projeto ViDan\u00e7ar<\/h2>\n<\/div>\n<div class=\"sc-dkrFOg kRlYeD\">\n<p class=\"sc-pyfCe fgcJgq\"><span class=\"lt-line-clamp__line\"><img decoding=\"async\" loading=\"lazy\" class=\"wp-image-538 alignleft\" src=\"https:\/\/imaconexoescomproposito.com.br\/wp-content\/uploads\/2024\/09\/vidancar-foto01.jpg\" alt=\"\" width=\"396\" height=\"266\" srcset=\"https:\/\/imaconexoescomproposito.com.br\/wp-content\/uploads\/2024\/09\/vidancar-foto01.jpg 828w, https:\/\/imaconexoescomproposito.com.br\/wp-content\/uploads\/2024\/09\/vidancar-foto01-300x202.jpg 300w, https:\/\/imaconexoescomproposito.com.br\/wp-content\/uploads\/2024\/09\/vidancar-foto01-768x517.jpg 768w\" sizes=\"(max-width: 396px) 100vw, 396px\" \/>O ViDan\u00e7ar foi criado em 2010, no Complexo do Alem\u00e3o, com apenas 14 alunos em uma turma de bal\u00e9.<\/span>\u00a0<span class=\"lt-line-clamp__line\">Hoje, o projeto tem cerca de 300 pessoas assistidas por ano, com atua\u00e7\u00e3o no Complexo do Alem\u00e3o, Rio<\/span>\u00a0<span class=\"lt-line-clamp__line lt-line-clamp__line--last\">de Janeiro, e em munic\u00edpios do sert\u00e3o da Bahia.<\/span><\/p>\n<\/div>\n<\/div>\n<p><span class=\"lt-line-clamp__line lt-line-clamp__line--last\">Somos uma rede de volunt\u00e1rios que ensina aulas para crian\u00e7as com professores que tenham forma\u00e7\u00e3o em dan\u00e7a para ensinar aos alunos que nunca tiveram oportunidade de pagar uma escola de dan\u00e7a. Gra\u00e7as a a\u00e7\u00e3o, tivemos dois alunos aprovados na Escola Bolshoi e 4 aprovados no Theatro Municipal. Al\u00e9m das aulas de dan\u00e7a oferecemos aulas de teatro e apoio escolar, pois a exig\u00eancia do projeto \u00e9 que a crian\u00e7a esteja matriculada na Escola e com boas m\u00e9dias escolares.<\/span><\/p>\n<p style=\"text-align: center;\"><strong><a href=\"https:\/\/campaign.doare.org\/campanha\/cc0273ca-03c4-4a10-a8ac-6277ff0490b4\/projetovidancar\/imaconexoescomproposito\">DOAR AGORA<\/a><\/strong><\/p>\n<\/blockquote>\n","protected":false},"excerpt":{"rendered":"<p>Instituto Casulo Pra Rua Ol\u00e1 \u00edm\u00e3s! Essa \u00e9 a nossa campanha para o Instituto Casulo Pra Rua. Doando voc\u00ea ampara uma pessoa que dorme na rua e tamb\u00e9m ajuda mulheres em situa\u00e7\u00e3o de vulnerabilidade social a aprenderem a costurar e trabalharem com remunera\u00e7\u00e3o justa! O Casulo \u00e9 um saco de dormir macio, impermea\u0301vel, de baixa inflamabilidade, leve e dobra\u0301vel, que pode ser carregado. DOAR AGORA Cruzando Hist\u00f3rias H\u00e1 7 anos ajudando mulheres a sa\u00edrem do desemprego, a Cruzando Hist\u00f3rias \u00e9&#8230;<\/p>\n","protected":false},"author":3,"featured_media":0,"parent":0,"menu_order":0,"comment_status":"closed","ping_status":"closed","template":"","meta":[],"acf":[],"yoast_head":"<!-- This site is optimized with the Yoast SEO plugin v19.9 - https:\/\/yoast.com\/wordpress\/plugins\/seo\/ -->\n<title>\u00cdm\u00e3 Donations - \u00cdm\u00e3 - connections with purpose<\/title>\n<meta name=\"robots\" content=\"index, follow, max-snippet:-1, max-image-preview:large, max-video-preview:-1\" \/>\n<link rel=\"canonical\" href=\"https:\/\/imaconexoescomproposito.com.br\/en\/campaigns\/\" \/>\n<meta property=\"og:locale\" content=\"en_US\" \/>\n<meta property=\"og:type\" content=\"article\" \/>\n<meta property=\"og:title\" content=\"\u00cdm\u00e3 Donations - \u00cdm\u00e3 - connections with purpose\" \/>\n<meta property=\"og:description\" content=\"Instituto Casulo Pra Rua Ol\u00e1 \u00edm\u00e3s! Essa \u00e9 a nossa campanha para o Instituto Casulo Pra Rua. Doando voc\u00ea ampara uma pessoa que dorme na rua e tamb\u00e9m ajuda mulheres em situa\u00e7\u00e3o de vulnerabilidade social a aprenderem a costurar e trabalharem com remunera\u00e7\u00e3o justa! O Casulo \u00e9 um saco de dormir macio, impermea\u0301vel, de baixa inflamabilidade, leve e dobra\u0301vel, que pode ser carregado. DOAR AGORA Cruzando Hist\u00f3rias H\u00e1 7 anos ajudando mulheres a sa\u00edrem do desemprego, a Cruzando Hist\u00f3rias \u00e9...\" \/>\n<meta property=\"og:url\" content=\"https:\/\/imaconexoescomproposito.com.br\/en\/campaigns\/\" \/>\n<meta property=\"og:site_name\" content=\"\u00cdm\u00e3 - connections with purpose\" \/>\n<meta property=\"article:modified_time\" content=\"2024-09-12T19:49:11+00:00\" \/>\n<meta property=\"og:image\" content=\"https:\/\/imaconexoescomproposito.com.br\/wp-content\/uploads\/2024\/09\/casulo-foto01.png\" \/>\n<meta name=\"twitter:card\" content=\"summary_large_image\" \/>\n<meta name=\"twitter:label1\" content=\"Est. reading time\" \/>\n\t<meta name=\"twitter:data1\" content=\"3 minutes\" \/>\n<script type=\"application\/ld+json\" class=\"yoast-schema-graph\">{\"@context\":\"https:\/\/schema.org\",\"@graph\":[{\"@type\":\"WebPage\",\"@id\":\"https:\/\/imaconexoescomproposito.com.br\/en\/campaigns\/\",\"url\":\"https:\/\/imaconexoescomproposito.com.br\/en\/campaigns\/\",\"name\":\"\u00cdm\u00e3 Donations - \u00cdm\u00e3 - connections with purpose\",\"isPartOf\":{\"@id\":\"https:\/\/imaconexoescomproposito.com.br\/en\/#website\"},\"datePublished\":\"2024-09-12T17:56:34+00:00\",\"dateModified\":\"2024-09-12T19:49:11+00:00\",\"breadcrumb\":{\"@id\":\"https:\/\/imaconexoescomproposito.com.br\/en\/campaigns\/#breadcrumb\"},\"inLanguage\":\"en-US\",\"potentialAction\":[{\"@type\":\"ReadAction\",\"target\":[[\"https:\/\/imaconexoescomproposito.com.br\/en\/campaigns\/\"]]}]},{\"@type\":\"BreadcrumbList\",\"@id\":\"https:\/\/imaconexoescomproposito.com.br\/en\/campaigns\/#breadcrumb\",\"itemListElement\":[{\"@type\":\"ListItem\",\"position\":1,\"name\":\"Home\",\"item\":\"https:\/\/imaconexoescomproposito.com.br\/en\/\"},{\"@type\":\"ListItem\",\"position\":2,\"name\":\"\u00cdm\u00e3 Donations\"}]},{\"@type\":\"WebSite\",\"@id\":\"https:\/\/imaconexoescomproposito.com.br\/en\/#website\",\"url\":\"https:\/\/imaconexoescomproposito.com.br\/en\/\",\"name\":\"\u00cdm\u00e3 - connections with purpose\",\"description\":\"\u00cdm\u00e3 is a company with a social purpose that seeks a positive impact in business. We match social causes and brands focusing on creating legacies.\",\"potentialAction\":[{\"@type\":\"SearchAction\",\"target\":{\"@type\":\"EntryPoint\",\"urlTemplate\":\"https:\/\/imaconexoescomproposito.com.br\/en\/?s={search_term_string}\"},\"query-input\":\"required name=search_term_string\"}],\"inLanguage\":\"en-US\"}]}<\/script>\n<!-- \/ Yoast SEO plugin. -->","yoast_head_json":{"title":"\u00cdm\u00e3 Donations - \u00cdm\u00e3 - connections with purpose","robots":{"index":"index","follow":"follow","max-snippet":"max-snippet:-1","max-image-preview":"max-image-preview:large","max-video-preview":"max-video-preview:-1"},"canonical":"https:\/\/imaconexoescomproposito.com.br\/en\/campaigns\/","og_locale":"en_US","og_type":"article","og_title":"\u00cdm\u00e3 Donations - \u00cdm\u00e3 - connections with purpose","og_description":"Instituto Casulo Pra Rua Ol\u00e1 \u00edm\u00e3s! Essa \u00e9 a nossa campanha para o Instituto Casulo Pra Rua. Doando voc\u00ea ampara uma pessoa que dorme na rua e tamb\u00e9m ajuda mulheres em situa\u00e7\u00e3o de vulnerabilidade social a aprenderem a costurar e trabalharem com remunera\u00e7\u00e3o justa! O Casulo \u00e9 um saco de dormir macio, impermea\u0301vel, de baixa inflamabilidade, leve e dobra\u0301vel, que pode ser carregado. DOAR AGORA Cruzando Hist\u00f3rias H\u00e1 7 anos ajudando mulheres a sa\u00edrem do desemprego, a Cruzando Hist\u00f3rias \u00e9...","og_url":"https:\/\/imaconexoescomproposito.com.br\/en\/campaigns\/","og_site_name":"\u00cdm\u00e3 - connections with purpose","article_modified_time":"2024-09-12T19:49:11+00:00","og_image":[{"url":"https:\/\/imaconexoescomproposito.com.br\/wp-content\/uploads\/2024\/09\/casulo-foto01.png"}],"twitter_card":"summary_large_image","twitter_misc":{"Est. reading time":"3 minutes"},"schema":{"@context":"https:\/\/schema.org","@graph":[{"@type":"WebPage","@id":"https:\/\/imaconexoescomproposito.com.br\/en\/campaigns\/","url":"https:\/\/imaconexoescomproposito.com.br\/en\/campaigns\/","name":"\u00cdm\u00e3 Donations - \u00cdm\u00e3 - connections with purpose","isPartOf":{"@id":"https:\/\/imaconexoescomproposito.com.br\/en\/#website"},"datePublished":"2024-09-12T17:56:34+00:00","dateModified":"2024-09-12T19:49:11+00:00","breadcrumb":{"@id":"https:\/\/imaconexoescomproposito.com.br\/en\/campaigns\/#breadcrumb"},"inLanguage":"en-US","potentialAction":[{"@type":"ReadAction","target":[["https:\/\/imaconexoescomproposito.com.br\/en\/campaigns\/"]]}]},{"@type":"BreadcrumbList","@id":"https:\/\/imaconexoescomproposito.com.br\/en\/campaigns\/#breadcrumb","itemListElement":[{"@type":"ListItem","position":1,"name":"Home","item":"https:\/\/imaconexoescomproposito.com.br\/en\/"},{"@type":"ListItem","position":2,"name":"\u00cdm\u00e3 Donations"}]},{"@type":"WebSite","@id":"https:\/\/imaconexoescomproposito.com.br\/en\/#website","url":"https:\/\/imaconexoescomproposito.com.br\/en\/","name":"\u00cdm\u00e3 - connections with purpose","description":"\u00cdm\u00e3 is a company with a social purpose that seeks a positive impact in business. We match social causes and brands focusing on creating legacies.","potentialAction":[{"@type":"SearchAction","target":{"@type":"EntryPoint","urlTemplate":"https:\/\/imaconexoescomproposito.com.br\/en\/?s={search_term_string}"},"query-input":"required name=search_term_string"}],"inLanguage":"en-US"}]}},"_links":{"self":[{"href":"https:\/\/imaconexoescomproposito.com.br\/en\/wp-json\/wp\/v2\/pages\/506"}],"collection":[{"href":"https:\/\/imaconexoescomproposito.com.br\/en\/wp-json\/wp\/v2\/pages"}],"about":[{"href":"https:\/\/imaconexoescomproposito.com.br\/en\/wp-json\/wp\/v2\/types\/page"}],"author":[{"embeddable":true,"href":"https:\/\/imaconexoescomproposito.com.br\/en\/wp-json\/wp\/v2\/users\/3"}],"replies":[{"embeddable":true,"href":"https:\/\/imaconexoescomproposito.com.br\/en\/wp-json\/wp\/v2\/comments?post=506"}],"version-history":[{"count":2,"href":"https:\/\/imaconexoescomproposito.com.br\/en\/wp-json\/wp\/v2\/pages\/506\/revisions"}],"predecessor-version":[{"id":542,"href":"https:\/\/imaconexoescomproposito.com.br\/en\/wp-json\/wp\/v2\/pages\/506\/revisions\/542"}],"wp:attachment":[{"href":"https:\/\/imaconexoescomproposito.com.br\/en\/wp-json\/wp\/v2\/media?parent=506"}],"curies":[{"name":"wp","href":"https:\/\/api.w.org\/{rel}","templated":true}]}}