{"id":99,"date":"2022-09-26T15:09:48","date_gmt":"2022-09-26T18:09:48","guid":{"rendered":"http:\/\/dev.imaconexoescomproposito.com.br\/?page_id=99"},"modified":"2024-03-11T17:20:14","modified_gmt":"2024-03-11T20:20:14","slug":"contato","status":"publish","type":"page","link":"https:\/\/imaconexoescomproposito.com.br\/en\/contact\/","title":{"rendered":"Contact"},"content":{"rendered":"<p>Please leave us a message here.<\/p>","protected":false},"excerpt":{"rendered":"<p>Please leave us a message here.<\/p>\n","protected":false},"author":1,"featured_media":0,"parent":0,"menu_order":0,"comment_status":"closed","ping_status":"closed","template":"","meta":[],"acf":[],"yoast_head":"<!-- This site is optimized with the Yoast SEO plugin v19.9 - https:\/\/yoast.com\/wordpress\/plugins\/seo\/ -->\n<title>Contact - \u00cdm\u00e3 - connections with purpose<\/title>\n<meta name=\"robots\" content=\"index, follow, max-snippet:-1, max-image-preview:large, max-video-preview:-1\" \/>\n<link rel=\"canonical\" href=\"https:\/\/imaconexoescomproposito.com.br\/en\/contact\/\" \/>\n<meta property=\"og:locale\" content=\"en_US\" \/>\n<meta property=\"og:type\" content=\"article\" \/>\n<meta property=\"og:title\" content=\"Contact - \u00cdm\u00e3 - connections with purpose\" \/>\n<meta property=\"og:description\" content=\"Please leave us a message here.\" \/>\n<meta property=\"og:url\" content=\"https:\/\/imaconexoescomproposito.com.br\/en\/contact\/\" \/>\n<meta property=\"og:site_name\" content=\"\u00cdm\u00e3 - connections with purpose\" \/>\n<meta property=\"article:modified_time\" content=\"2024-03-11T20:20:14+00:00\" \/>\n<meta name=\"twitter:card\" content=\"summary_large_image\" \/>\n<meta name=\"twitter:label1\" content=\"Est. reading time\" \/>\n\t<meta name=\"twitter:data1\" content=\"1 minute\" \/>\n<script type=\"application\/ld+json\" class=\"yoast-schema-graph\">{\"@context\":\"https:\/\/schema.org\",\"@graph\":[{\"@type\":\"WebPage\",\"@id\":\"https:\/\/imaconexoescomproposito.com.br\/en\/contact\/\",\"url\":\"https:\/\/imaconexoescomproposito.com.br\/en\/contact\/\",\"name\":\"Contact - \u00cdm\u00e3 - connections with purpose\",\"isPartOf\":{\"@id\":\"https:\/\/imaconexoescomproposito.com.br\/en\/#website\"},\"datePublished\":\"2022-09-26T18:09:48+00:00\",\"dateModified\":\"2024-03-11T20:20:14+00:00\",\"breadcrumb\":{\"@id\":\"https:\/\/imaconexoescomproposito.com.br\/en\/contact\/#breadcrumb\"},\"inLanguage\":\"en-US\",\"potentialAction\":[{\"@type\":\"ReadAction\",\"target\":[[\"https:\/\/imaconexoescomproposito.com.br\/en\/contact\/\"]]}]},{\"@type\":\"BreadcrumbList\",\"@id\":\"https:\/\/imaconexoescomproposito.com.br\/en\/contact\/#breadcrumb\",\"itemListElement\":[{\"@type\":\"ListItem\",\"position\":1,\"name\":\"Home\",\"item\":\"https:\/\/imaconexoescomproposito.com.br\/en\/\"},{\"@type\":\"ListItem\",\"position\":2,\"name\":\"Contact\"}]},{\"@type\":\"WebSite\",\"@id\":\"https:\/\/imaconexoescomproposito.com.br\/en\/#website\",\"url\":\"https:\/\/imaconexoescomproposito.com.br\/en\/\",\"name\":\"\u00cdm\u00e3 - connections with purpose\",\"description\":\"\u00cdm\u00e3 is a company with a social purpose that seeks a positive impact in business. We match social causes and brands focusing on creating legacies.\",\"potentialAction\":[{\"@type\":\"SearchAction\",\"target\":{\"@type\":\"EntryPoint\",\"urlTemplate\":\"https:\/\/imaconexoescomproposito.com.br\/en\/?s={search_term_string}\"},\"query-input\":\"required name=search_term_string\"}],\"inLanguage\":\"en-US\"}]}<\/script>\n<!-- \/ Yoast SEO plugin. -->","yoast_head_json":{"title":"Contact - \u00cdm\u00e3 - connections with purpose","robots":{"index":"index","follow":"follow","max-snippet":"max-snippet:-1","max-image-preview":"max-image-preview:large","max-video-preview":"max-video-preview:-1"},"canonical":"https:\/\/imaconexoescomproposito.com.br\/en\/contact\/","og_locale":"en_US","og_type":"article","og_title":"Contact - \u00cdm\u00e3 - connections with purpose","og_description":"Please leave us a message here.","og_url":"https:\/\/imaconexoescomproposito.com.br\/en\/contact\/","og_site_name":"\u00cdm\u00e3 - connections with purpose","article_modified_time":"2024-03-11T20:20:14+00:00","twitter_card":"summary_large_image","twitter_misc":{"Est. reading time":"1 minute"},"schema":{"@context":"https:\/\/schema.org","@graph":[{"@type":"WebPage","@id":"https:\/\/imaconexoescomproposito.com.br\/en\/contact\/","url":"https:\/\/imaconexoescomproposito.com.br\/en\/contact\/","name":"Contact - \u00cdm\u00e3 - connections with purpose","isPartOf":{"@id":"https:\/\/imaconexoescomproposito.com.br\/en\/#website"},"datePublished":"2022-09-26T18:09:48+00:00","dateModified":"2024-03-11T20:20:14+00:00","breadcrumb":{"@id":"https:\/\/imaconexoescomproposito.com.br\/en\/contact\/#breadcrumb"},"inLanguage":"en-US","potentialAction":[{"@type":"ReadAction","target":[["https:\/\/imaconexoescomproposito.com.br\/en\/contact\/"]]}]},{"@type":"BreadcrumbList","@id":"https:\/\/imaconexoescomproposito.com.br\/en\/contact\/#breadcrumb","itemListElement":[{"@type":"ListItem","position":1,"name":"Home","item":"https:\/\/imaconexoescomproposito.com.br\/en\/"},{"@type":"ListItem","position":2,"name":"Contact"}]},{"@type":"WebSite","@id":"https:\/\/imaconexoescomproposito.com.br\/en\/#website","url":"https:\/\/imaconexoescomproposito.com.br\/en\/","name":"\u00cdm\u00e3 - connections with purpose","description":"\u00cdm\u00e3 is a company with a social purpose that seeks a positive impact in business. We match social causes and brands focusing on creating legacies.","potentialAction":[{"@type":"SearchAction","target":{"@type":"EntryPoint","urlTemplate":"https:\/\/imaconexoescomproposito.com.br\/en\/?s={search_term_string}"},"query-input":"required name=search_term_string"}],"inLanguage":"en-US"}]}},"_links":{"self":[{"href":"https:\/\/imaconexoescomproposito.com.br\/en\/wp-json\/wp\/v2\/pages\/99"}],"collection":[{"href":"https:\/\/imaconexoescomproposito.com.br\/en\/wp-json\/wp\/v2\/pages"}],"about":[{"href":"https:\/\/imaconexoescomproposito.com.br\/en\/wp-json\/wp\/v2\/types\/page"}],"author":[{"embeddable":true,"href":"https:\/\/imaconexoescomproposito.com.br\/en\/wp-json\/wp\/v2\/users\/1"}],"replies":[{"embeddable":true,"href":"https:\/\/imaconexoescomproposito.com.br\/en\/wp-json\/wp\/v2\/comments?post=99"}],"version-history":[{"count":2,"href":"https:\/\/imaconexoescomproposito.com.br\/en\/wp-json\/wp\/v2\/pages\/99\/revisions"}],"predecessor-version":[{"id":488,"href":"https:\/\/imaconexoescomproposito.com.br\/en\/wp-json\/wp\/v2\/pages\/99\/revisions\/488"}],"wp:attachment":[{"href":"https:\/\/imaconexoescomproposito.com.br\/en\/wp-json\/wp\/v2\/media?parent=99"}],"curies":[{"name":"wp","href":"https:\/\/api.w.org\/{rel}","templated":true}]}}